{"id":191,"date":"2025-04-08T19:47:01","date_gmt":"2025-04-08T17:47:01","guid":{"rendered":"https:\/\/liczymydladzieci.pl\/?post_type=product&#038;p=191"},"modified":"2025-10-07T20:10:46","modified_gmt":"2025-10-07T18:10:46","slug":"kod-na-zwyciestwo-basniowa-kraina-liczb-opowiesci-pelne-matematycznych-przygod","status":"publish","type":"product","link":"https:\/\/liczymydladzieci.pl\/?product=kod-na-zwyciestwo-basniowa-kraina-liczb-opowiesci-pelne-matematycznych-przygod","title":{"rendered":"Kod na Zwyci\u0119stwo \u201eBa\u015bniowa Kraina Liczb \u2013 Opowie\u015bci pe\u0142ne  matematycznych przyg\u00f3d\u201d dla 8 -11 latk\u00f3w (pdf)."},"content":{"rendered":"<p>Czy matematyka mo\u017ce by\u0107 ekscytuj\u0105c\u0105 przygod\u0105 pe\u0142n\u0105 magii, bohater\u00f3w i niezwyk\u0142ych wyzwa\u0144? Oczywi\u015bcie! Witaj w Ba\u015bniowej Krainie Liczb, gdzie ka\u017cda liczba skrywa tajemnic\u0119, a sprytne liczenie to klucz do pokonania przeszk\u00f3d i rozwi\u0105zania zagadek.<\/p>\n<p>Ta ksi\u0105\u017cka to niezwyk\u0142e po\u0142\u0105czenie bajkowych opowie\u015bci i matematycznych wyzwa\u0144, kt\u00f3re pomagaj\u0105 dzieciom rozwija\u0107 umiej\u0119tno\u015b\u0107 szybkiego liczenia w pami\u0119ci \u2013 podstaw\u0119 do dalszej nauki matematyki. Bez niej mno\u017cenie, dzielenie, u\u0142amki czy r\u00f3wnania mog\u0105 sta\u0107 si\u0119 trudniejsze, ale dzi\u0119ki sprytnym metodom liczenia wszystko staje si\u0119 proste i przyjemne!<\/p>\n<p>Dlaczego warto si\u0119gn\u0105\u0107 po t\u0119 ksi\u0105\u017ck\u0119?<br \/>\n\u2714 Edukacja przez zabaw\u0119 \u2013 dzieci ucz\u0105 si\u0119 matematyki, nawet nie zauwa\u017caj\u0105c, \u017ce licz\u0105!<br \/>\n\u2714 \u0106wiczenie pami\u0119ci i logicznego my\u015blenia \u2013 sprytne sposoby dodawania, odejmowania, mno\u017cenia i dzielenia u\u0142atwiaj\u0105 codzienne rachunki.<br \/>\n\u2714 Praktyczne umiej\u0119tno\u015bci \u2013 szybkie liczenie przydaje si\u0119 wsz\u0119dzie: przy robieniu zakup\u00f3w, podziale<br \/>\nkieszonkowego, a nawet podczas zabawy!<br \/>\n\u2714 Idealna dla dzieci i rodzic\u00f3w \u2013 wsp\u00f3lne rozwi\u0105zywanie zagadek i matematycznych wyzwa\u0144 to \u015bwietna okazja do rodzinnej nauki i zabawy.<\/p>\n<p>Wyrusz razem z bohaterami ksi\u0105\u017cki na fascynuj\u0105c\u0105 matematyczn\u0105 wypraw\u0119! Odkryj sekrety szybkiego<br \/>\nliczenia, pokonaj liczbowych wrog\u00f3w i udowodnij, \u017ce matematyka mo\u017ce by\u0107 prawdziw\u0105 przygod\u0105.<\/p>\n<p>Czy jeste\u015b gotowy? Liczymy na Ciebie!<\/p>\n","protected":false},"excerpt":{"rendered":"<p>Ta ksi\u0105\u017cka to niezwyk\u0142e po\u0142\u0105czenie bajkowych opowie\u015bci i matematycznych wyzwa\u0144, kt\u00f3re pomagaj\u0105 dzieciom rozwija\u0107 umiej\u0119tno\u015b\u0107 szybkiego liczenia w pami\u0119ci \u2013 podstaw\u0119 do dalszej nauki matematyki. Bez niej mno\u017cenie, dzielenie, u\u0142amki czy r\u00f3wnania mog\u0105 sta\u0107 si\u0119 trudniejsze,<br \/>\nale dzi\u0119ki sprytnym metodom liczenia wszystko staje si\u0119 proste i przyjemne!<br \/>\nDlaczego warto si\u0119gn\u0105\u0107 po t\u0119 ksi\u0105\u017ck\u0119?<\/p>\n<p>\u2714 Edukacja przez zabaw\u0119 \u2013 dzieci ucz\u0105 si\u0119 matematyki, nawet nie zauwa\u017caj\u0105c, \u017ce licz\u0105!<\/p>\n<p>\u2714 \u0106wiczenie pami\u0119ci i logicznego my\u015blenia \u2013 sprytne sposoby dodawania, odejmowania, mno\u017cenia i dzielenia u\u0142atwiaj\u0105 codzienne rachunki.<\/p>\n<p>\u2714 Praktyczne umiej\u0119tno\u015bci \u2013 szybkie liczenie przydaje si\u0119 wsz\u0119dzie: przy robieniu zakup\u00f3w, w<br \/>\npodziale kieszonkowego, a nawet podczas zabawy!<\/p>\n<p>\u2714 Idealna dla dzieci i rodzic\u00f3w \u2013 wsp\u00f3lne rozwi\u0105zywanie zagadek i matematycznych wyzwa\u0144 to \u015bwietna okazja do rodzinnej nauki i zabawy.<\/p>\n<p>&nbsp;<\/p>\n","protected":false},"featured_media":264,"comment_status":"open","ping_status":"closed","template":"","meta":[],"product_brand":[],"product_cat":[25],"product_tag":[],"class_list":{"0":"post-191","1":"product","2":"type-product","3":"status-publish","4":"has-post-thumbnail","6":"product_cat-sklep","8":"first","9":"instock","10":"downloadable","11":"shipping-taxable","12":"purchasable","13":"product-type-simple"},"jetpack_sharing_enabled":true,"_links":{"self":[{"href":"https:\/\/liczymydladzieci.pl\/index.php?rest_route=\/wp\/v2\/product\/191","targetHints":{"allow":["GET"]}}],"collection":[{"href":"https:\/\/liczymydladzieci.pl\/index.php?rest_route=\/wp\/v2\/product"}],"about":[{"href":"https:\/\/liczymydladzieci.pl\/index.php?rest_route=\/wp\/v2\/types\/product"}],"replies":[{"embeddable":true,"href":"https:\/\/liczymydladzieci.pl\/index.php?rest_route=%2Fwp%2Fv2%2Fcomments&post=191"}],"wp:featuredmedia":[{"embeddable":true,"href":"https:\/\/liczymydladzieci.pl\/index.php?rest_route=\/wp\/v2\/media\/264"}],"wp:attachment":[{"href":"https:\/\/liczymydladzieci.pl\/index.php?rest_route=%2Fwp%2Fv2%2Fmedia&parent=191"}],"wp:term":[{"taxonomy":"product_brand","embeddable":true,"href":"https:\/\/liczymydladzieci.pl\/index.php?rest_route=%2Fwp%2Fv2%2Fproduct_brand&post=191"},{"taxonomy":"product_cat","embeddable":true,"href":"https:\/\/liczymydladzieci.pl\/index.php?rest_route=%2Fwp%2Fv2%2Fproduct_cat&post=191"},{"taxonomy":"product_tag","embeddable":true,"href":"https:\/\/liczymydladzieci.pl\/index.php?rest_route=%2Fwp%2Fv2%2Fproduct_tag&post=191"}],"curies":[{"name":"wp","href":"https:\/\/api.w.org\/{rel}","templated":true}]}}