{"id":7,"date":"2025-03-27T16:34:35","date_gmt":"2025-03-27T15:34:35","guid":{"rendered":"http:\/\/liczymydladzieci.pl\/?page_id=7"},"modified":"2025-03-30T17:05:52","modified_gmt":"2025-03-30T15:05:52","slug":"koszyk","status":"publish","type":"page","link":"https:\/\/liczymydladzieci.pl\/?page_id=7","title":{"rendered":"Koszyk"},"content":{"rendered":"\n<div data-block-name=\"woocommerce\/cart\" class=\"wp-block-woocommerce-cart alignwide is-loading\">\n<div data-block-name=\"woocommerce\/filled-cart-block\" class=\"wp-block-woocommerce-filled-cart-block\">\n<div data-block-name=\"woocommerce\/cart-items-block\" class=\"wp-block-woocommerce-cart-items-block\">\n<div data-block-name=\"woocommerce\/cart-line-items-block\" class=\"wp-block-woocommerce-cart-line-items-block\"><\/div>\n\n\n\n<div data-block-name=\"woocommerce\/cart-cross-sells-block\" class=\"wp-block-woocommerce-cart-cross-sells-block\">\n<h2 class=\"wp-block-heading has-large-font-size\">Zobacz inne r\u00f3wnie interesuj\u0105ce\u2026<\/h2>\n\n\n\n<div data-block-name=\"woocommerce\/cart-cross-sells-products-block\" class=\"wp-block-woocommerce-cart-cross-sells-products-block\"><\/div>\n<\/div>\n<\/div>\n\n\n\n<div data-block-name=\"woocommerce\/cart-totals-block\" class=\"wp-block-woocommerce-cart-totals-block\">\n<div data-block-name=\"woocommerce\/cart-order-summary-block\" class=\"wp-block-woocommerce-cart-order-summary-block\">\n<div data-block-name=\"woocommerce\/cart-order-summary-heading-block\" class=\"wp-block-woocommerce-cart-order-summary-heading-block\"><\/div><div data-block-name=\"woocommerce\/cart-order-summary-coupon-form-block\" class=\"wp-block-woocommerce-cart-order-summary-coupon-form-block\"><\/div><div data-block-name=\"woocommerce\/cart-order-summary-totals-block\" class=\"wp-block-woocommerce-cart-order-summary-totals-block\">\n<div data-block-name=\"woocommerce\/cart-order-summary-subtotal-block\" class=\"wp-block-woocommerce-cart-order-summary-subtotal-block\"><\/div>\n<div data-block-name=\"woocommerce\/cart-order-summary-discount-block\" class=\"wp-block-woocommerce-cart-order-summary-discount-block\"><\/div>\n<div data-block-name=\"woocommerce\/cart-order-summary-fee-block\" class=\"wp-block-woocommerce-cart-order-summary-fee-block\"><\/div>\n<div data-block-name=\"woocommerce\/cart-order-summary-shipping-block\" class=\"wp-block-woocommerce-cart-order-summary-shipping-block\"><\/div>\n<div data-block-name=\"woocommerce\/cart-order-summary-taxes-block\" class=\"wp-block-woocommerce-cart-order-summary-taxes-block\"><\/div><\/div>\n<\/div>\n\n\n\n<div data-block-name=\"woocommerce\/cart-express-payment-block\" class=\"wp-block-woocommerce-cart-express-payment-block\"><\/div>\n\n\n\n<div data-block-name=\"woocommerce\/proceed-to-checkout-block\" class=\"wp-block-woocommerce-proceed-to-checkout-block\"><\/div>\n\n\n\n<div data-block-name=\"woocommerce\/cart-accepted-payment-methods-block\" class=\"wp-block-woocommerce-cart-accepted-payment-methods-block\"><\/div>\n<\/div>\n<\/div>\n\n\n\n<div data-block-name=\"woocommerce\/empty-cart-block\" class=\"wp-block-woocommerce-empty-cart-block\">\n<h2 class=\"wp-block-heading has-text-align-center with-empty-cart-icon wc-block-cart__empty-cart__title\">Tw\u00f3j koszyk jest obecnie pusty!<\/h2>\n\n\n\n<hr class=\"wp-block-separator has-alpha-channel-opacity is-style-dots\"\/>\n\n\n\n<h2 class=\"wp-block-heading has-text-align-center\">Nowe w sklepie<\/h2>\n\n\n<div data-block-name=\"woocommerce\/product-new\" data-columns=\"4\" data-rows=\"1\" class=\"wc-block-grid wp-block-product-new wp-block-woocommerce-product-new wc-block-product-new has-4-columns\"><ul class=\"wc-block-grid__products\"><li class=\"wc-block-grid__product\">\n\t\t\t\t<a href=\"https:\/\/liczymydladzieci.pl\/?product=bajkowy-rok-z-przyroda-i-liczbami\" class=\"wc-block-grid__product-link\">\n\t\t\t\t\t\n\t\t\t\t\t<div class=\"wc-block-grid__product-image\"><img fetchpriority=\"high\" decoding=\"async\" width=\"300\" height=\"300\" src=\"https:\/\/liczymydladzieci.pl\/wp-content\/uploads\/2025\/06\/Projekt-bez-nazwy-7-300x300.png\" class=\"attachment-woocommerce_thumbnail size-woocommerce_thumbnail\" alt=\"Bajkowy rok z przyrod\u0105 i liczbami. Interaktywne opowiadania przyrodniczo-matematyczne dla przedszkolak\u00f3w (pdf).\" srcset=\"https:\/\/liczymydladzieci.pl\/wp-content\/uploads\/2025\/06\/Projekt-bez-nazwy-7-300x300.png 300w, https:\/\/liczymydladzieci.pl\/wp-content\/uploads\/2025\/06\/Projekt-bez-nazwy-7-1024x1024.png 1024w, https:\/\/liczymydladzieci.pl\/wp-content\/uploads\/2025\/06\/Projekt-bez-nazwy-7-150x150.png 150w, https:\/\/liczymydladzieci.pl\/wp-content\/uploads\/2025\/06\/Projekt-bez-nazwy-7-768x768.png 768w, https:\/\/liczymydladzieci.pl\/wp-content\/uploads\/2025\/06\/Projekt-bez-nazwy-7-600x600.png 600w, https:\/\/liczymydladzieci.pl\/wp-content\/uploads\/2025\/06\/Projekt-bez-nazwy-7-100x100.png 100w, https:\/\/liczymydladzieci.pl\/wp-content\/uploads\/2025\/06\/Projekt-bez-nazwy-7.png 1080w\" sizes=\"(max-width: 300px) 100vw, 300px\" \/><\/div>\n\t\t\t\t\t<div class=\"wc-block-grid__product-title\">Bajkowy rok z przyrod\u0105 i liczbami. Interaktywne opowiadania przyrodniczo-matematyczne dla przedszkolak\u00f3w (pdf).<\/div>\n\t\t\t\t<\/a>\n\t\t\t\t<div class=\"wc-block-grid__product-price price\"><span class=\"woocommerce-Price-amount amount\">39,90&nbsp;<span class=\"woocommerce-Price-currencySymbol\">&#122;&#322;<\/span><\/span><\/div>\n\t\t\t\t<div class=\"wc-block-grid__product-rating\"><div class=\"star-rating\" role=\"img\" aria-label=\"Oceniono 5.00 na 5\"><span style=\"width:100%\">Oceniony <strong class=\"rating\">5.00<\/strong> na 5 na podstawie <span class=\"rating\">6<\/span> ocen klient\u00f3w<\/span><\/div><\/div>\n\t\t\t\t<div class=\"wp-block-button wc-block-grid__product-add-to-cart\"><a href=\"\/index.php?rest_route=%2Fwp%2Fv2%2Fpages%2F7&#038;add-to-cart=211\" aria-label=\"Dodaj do koszyka: &bdquo;Bajkowy rok z przyrod\u0105 i liczbami. Interaktywne opowiadania przyrodniczo-matematyczne dla przedszkolak\u00f3w (pdf).&rdquo;\" data-quantity=\"1\" data-product_id=\"211\" data-product_sku=\"\" data-price=\"39.9\" rel=\"nofollow\" class=\"wp-block-button__link wp-element-button add_to_cart_button ajax_add_to_cart\">Dodaj do koszyka<\/a><\/div>\n\t\t\t<\/li><li class=\"wc-block-grid__product\">\n\t\t\t\t<a href=\"https:\/\/liczymydladzieci.pl\/?product=kod-na-zwyciestwo-basniowa-kraina-liczb-opowiesci-pelne-matematycznych-przygod\" class=\"wc-block-grid__product-link\">\n\t\t\t\t\t\n\t\t\t\t\t<div class=\"wc-block-grid__product-image\"><img decoding=\"async\" width=\"300\" height=\"300\" src=\"https:\/\/liczymydladzieci.pl\/wp-content\/uploads\/2025\/04\/Projekt-bez-nazwy-10-300x300.png\" class=\"attachment-woocommerce_thumbnail size-woocommerce_thumbnail\" alt=\"Kod na Zwyci\u0119stwo \u201eBa\u015bniowa Kraina Liczb \u2013 Opowie\u015bci pe\u0142ne  matematycznych przyg\u00f3d\u201d dla 8 -11 latk\u00f3w (pdf).\" srcset=\"https:\/\/liczymydladzieci.pl\/wp-content\/uploads\/2025\/04\/Projekt-bez-nazwy-10-300x300.png 300w, https:\/\/liczymydladzieci.pl\/wp-content\/uploads\/2025\/04\/Projekt-bez-nazwy-10-1024x1024.png 1024w, https:\/\/liczymydladzieci.pl\/wp-content\/uploads\/2025\/04\/Projekt-bez-nazwy-10-150x150.png 150w, https:\/\/liczymydladzieci.pl\/wp-content\/uploads\/2025\/04\/Projekt-bez-nazwy-10-768x768.png 768w, https:\/\/liczymydladzieci.pl\/wp-content\/uploads\/2025\/04\/Projekt-bez-nazwy-10-600x600.png 600w, https:\/\/liczymydladzieci.pl\/wp-content\/uploads\/2025\/04\/Projekt-bez-nazwy-10-100x100.png 100w, https:\/\/liczymydladzieci.pl\/wp-content\/uploads\/2025\/04\/Projekt-bez-nazwy-10.png 1080w\" sizes=\"(max-width: 300px) 100vw, 300px\" \/><\/div>\n\t\t\t\t\t<div class=\"wc-block-grid__product-title\">Kod na Zwyci\u0119stwo \u201eBa\u015bniowa Kraina Liczb \u2013 Opowie\u015bci pe\u0142ne  matematycznych przyg\u00f3d\u201d dla 8 -11 latk\u00f3w (pdf).<\/div>\n\t\t\t\t<\/a>\n\t\t\t\t<div class=\"wc-block-grid__product-price price\"><span class=\"woocommerce-Price-amount amount\">29,90&nbsp;<span class=\"woocommerce-Price-currencySymbol\">&#122;&#322;<\/span><\/span><\/div>\n\t\t\t\t<div class=\"wc-block-grid__product-rating\"><div class=\"star-rating\" role=\"img\" aria-label=\"Oceniono 5.00 na 5\"><span style=\"width:100%\">Oceniony <strong class=\"rating\">5.00<\/strong> na 5 na podstawie <span class=\"rating\">5<\/span> ocen klient\u00f3w<\/span><\/div><\/div>\n\t\t\t\t<div class=\"wp-block-button wc-block-grid__product-add-to-cart\"><a href=\"\/index.php?rest_route=%2Fwp%2Fv2%2Fpages%2F7&#038;add-to-cart=191\" aria-label=\"Dodaj do koszyka: &bdquo;Kod na Zwyci\u0119stwo \u201eBa\u015bniowa Kraina Liczb \u2013 Opowie\u015bci pe\u0142ne  matematycznych przyg\u00f3d\u201d dla 8 -11 latk\u00f3w (pdf).&rdquo;\" data-quantity=\"1\" data-product_id=\"191\" data-product_sku=\"\" data-price=\"29.9\" rel=\"nofollow\" class=\"wp-block-button__link wp-element-button add_to_cart_button ajax_add_to_cart\">Dodaj do koszyka<\/a><\/div>\n\t\t\t<\/li><li class=\"wc-block-grid__product\">\n\t\t\t\t<a href=\"https:\/\/liczymydladzieci.pl\/?product=kod-na-zwyciestwo-matematyczna-gra-pelna-przygod-i-zagadek-logiczne-myslenie-to-twoj-klucz-do-sukcesu\" class=\"wc-block-grid__product-link\">\n\t\t\t\t\t\n\t\t\t\t\t<div class=\"wc-block-grid__product-image\"><img decoding=\"async\" width=\"300\" height=\"300\" src=\"https:\/\/liczymydladzieci.pl\/wp-content\/uploads\/2025\/03\/Projekt-bez-nazwy-9-300x300.png\" class=\"attachment-woocommerce_thumbnail size-woocommerce_thumbnail\" alt=\"Kod na Zwyci\u0119stwo.  Matematyczna Gra Pe\u0142na Przyg\u00f3d i Zagadek!  Logiczne My\u015blenie to Tw\u00f3j Klucz do Sukcesu! Dla 10 -14 latk\u00f3w (pdf)\" srcset=\"https:\/\/liczymydladzieci.pl\/wp-content\/uploads\/2025\/03\/Projekt-bez-nazwy-9-300x300.png 300w, https:\/\/liczymydladzieci.pl\/wp-content\/uploads\/2025\/03\/Projekt-bez-nazwy-9-1024x1024.png 1024w, https:\/\/liczymydladzieci.pl\/wp-content\/uploads\/2025\/03\/Projekt-bez-nazwy-9-150x150.png 150w, https:\/\/liczymydladzieci.pl\/wp-content\/uploads\/2025\/03\/Projekt-bez-nazwy-9-768x768.png 768w, https:\/\/liczymydladzieci.pl\/wp-content\/uploads\/2025\/03\/Projekt-bez-nazwy-9-600x600.png 600w, https:\/\/liczymydladzieci.pl\/wp-content\/uploads\/2025\/03\/Projekt-bez-nazwy-9-100x100.png 100w, https:\/\/liczymydladzieci.pl\/wp-content\/uploads\/2025\/03\/Projekt-bez-nazwy-9.png 1080w\" sizes=\"(max-width: 300px) 100vw, 300px\" \/><\/div>\n\t\t\t\t\t<div class=\"wc-block-grid__product-title\">Kod na Zwyci\u0119stwo.  Matematyczna Gra Pe\u0142na Przyg\u00f3d i Zagadek!  Logiczne My\u015blenie to Tw\u00f3j Klucz do Sukcesu! Dla 10 -14 latk\u00f3w (pdf)<\/div>\n\t\t\t\t<\/a>\n\t\t\t\t<div class=\"wc-block-grid__product-price price\"><span class=\"woocommerce-Price-amount amount\">29,90&nbsp;<span class=\"woocommerce-Price-currencySymbol\">&#122;&#322;<\/span><\/span><\/div>\n\t\t\t\t<div class=\"wc-block-grid__product-rating\"><div class=\"star-rating\" role=\"img\" aria-label=\"Oceniono 5.00 na 5\"><span style=\"width:100%\">Oceniony <strong class=\"rating\">5.00<\/strong> na 5 na podstawie <span class=\"rating\">2<\/span> ocen klient\u00f3w<\/span><\/div><\/div>\n\t\t\t\t<div class=\"wp-block-button wc-block-grid__product-add-to-cart\"><a href=\"\/index.php?rest_route=%2Fwp%2Fv2%2Fpages%2F7&#038;add-to-cart=104\" aria-label=\"Dodaj do koszyka: &bdquo;Kod na Zwyci\u0119stwo.  Matematyczna Gra Pe\u0142na Przyg\u00f3d i Zagadek!  Logiczne My\u015blenie to Tw\u00f3j Klucz do Sukcesu! Dla 10 -14 latk\u00f3w (pdf)&rdquo;\" data-quantity=\"1\" data-product_id=\"104\" data-product_sku=\"\" data-price=\"29.9\" rel=\"nofollow\" class=\"wp-block-button__link wp-element-button add_to_cart_button ajax_add_to_cart\">Dodaj do koszyka<\/a><\/div>\n\t\t\t<\/li><li class=\"wc-block-grid__product\">\n\t\t\t\t<a href=\"https:\/\/liczymydladzieci.pl\/?product=kod-na-zwyciestwo-otworz-drzwi-do-matematycznych-wyzwan-przygoda-i-zagadki-czekaja\" class=\"wc-block-grid__product-link\">\n\t\t\t\t\t\n\t\t\t\t\t<div class=\"wc-block-grid__product-image\"><img loading=\"lazy\" decoding=\"async\" width=\"300\" height=\"300\" src=\"https:\/\/liczymydladzieci.pl\/wp-content\/uploads\/2025\/03\/Projekt-bez-nazwy-8-300x300.png\" class=\"attachment-woocommerce_thumbnail size-woocommerce_thumbnail\" alt=\"Kod na Zwyci\u0119stwo.  Otw\u00f3rz drzwi do matematycznych wyzwa\u0144!  Przygoda i zagadki czekaj\u0105! Dla 10 -14 latek (pdf)\" srcset=\"https:\/\/liczymydladzieci.pl\/wp-content\/uploads\/2025\/03\/Projekt-bez-nazwy-8-300x300.png 300w, https:\/\/liczymydladzieci.pl\/wp-content\/uploads\/2025\/03\/Projekt-bez-nazwy-8-1024x1024.png 1024w, https:\/\/liczymydladzieci.pl\/wp-content\/uploads\/2025\/03\/Projekt-bez-nazwy-8-150x150.png 150w, https:\/\/liczymydladzieci.pl\/wp-content\/uploads\/2025\/03\/Projekt-bez-nazwy-8-768x768.png 768w, https:\/\/liczymydladzieci.pl\/wp-content\/uploads\/2025\/03\/Projekt-bez-nazwy-8-600x600.png 600w, https:\/\/liczymydladzieci.pl\/wp-content\/uploads\/2025\/03\/Projekt-bez-nazwy-8-100x100.png 100w, https:\/\/liczymydladzieci.pl\/wp-content\/uploads\/2025\/03\/Projekt-bez-nazwy-8.png 1080w\" sizes=\"(max-width: 300px) 100vw, 300px\" \/><\/div>\n\t\t\t\t\t<div class=\"wc-block-grid__product-title\">Kod na Zwyci\u0119stwo.  Otw\u00f3rz drzwi do matematycznych wyzwa\u0144!  Przygoda i zagadki czekaj\u0105! Dla 10 -14 latek (pdf)<\/div>\n\t\t\t\t<\/a>\n\t\t\t\t<div class=\"wc-block-grid__product-price price\"><span class=\"woocommerce-Price-amount amount\">29,90&nbsp;<span class=\"woocommerce-Price-currencySymbol\">&#122;&#322;<\/span><\/span><\/div>\n\t\t\t\t<div class=\"wc-block-grid__product-rating\"><div class=\"star-rating\" role=\"img\" aria-label=\"Oceniono 5.00 na 5\"><span style=\"width:100%\">Oceniony <strong class=\"rating\">5.00<\/strong> na 5 na podstawie <span class=\"rating\">2<\/span> ocen klient\u00f3w<\/span><\/div><\/div>\n\t\t\t\t<div class=\"wp-block-button wc-block-grid__product-add-to-cart\"><a href=\"\/index.php?rest_route=%2Fwp%2Fv2%2Fpages%2F7&#038;add-to-cart=114\" aria-label=\"Dodaj do koszyka: &bdquo;Kod na Zwyci\u0119stwo.  Otw\u00f3rz drzwi do matematycznych wyzwa\u0144!  Przygoda i zagadki czekaj\u0105! Dla 10 -14 latek (pdf)&rdquo;\" data-quantity=\"1\" data-product_id=\"114\" data-product_sku=\"\" data-price=\"29.9\" rel=\"nofollow\" class=\"wp-block-button__link wp-element-button add_to_cart_button ajax_add_to_cart\">Dodaj do koszyka<\/a><\/div>\n\t\t\t<\/li><\/ul><\/div><\/div>\n<\/div>\n","protected":false},"excerpt":{"rendered":"","protected":false},"author":1,"featured_media":0,"parent":0,"menu_order":0,"comment_status":"closed","ping_status":"closed","template":"","meta":{"footnotes":""},"class_list":["post-7","page","type-page","status-publish","hentry"],"jetpack_sharing_enabled":true,"_links":{"self":[{"href":"https:\/\/liczymydladzieci.pl\/index.php?rest_route=\/wp\/v2\/pages\/7","targetHints":{"allow":["GET"]}}],"collection":[{"href":"https:\/\/liczymydladzieci.pl\/index.php?rest_route=\/wp\/v2\/pages"}],"about":[{"href":"https:\/\/liczymydladzieci.pl\/index.php?rest_route=\/wp\/v2\/types\/page"}],"author":[{"embeddable":true,"href":"https:\/\/liczymydladzieci.pl\/index.php?rest_route=\/wp\/v2\/users\/1"}],"replies":[{"embeddable":true,"href":"https:\/\/liczymydladzieci.pl\/index.php?rest_route=%2Fwp%2Fv2%2Fcomments&post=7"}],"version-history":[{"count":1,"href":"https:\/\/liczymydladzieci.pl\/index.php?rest_route=\/wp\/v2\/pages\/7\/revisions"}],"predecessor-version":[{"id":59,"href":"https:\/\/liczymydladzieci.pl\/index.php?rest_route=\/wp\/v2\/pages\/7\/revisions\/59"}],"wp:attachment":[{"href":"https:\/\/liczymydladzieci.pl\/index.php?rest_route=%2Fwp%2Fv2%2Fmedia&parent=7"}],"curies":[{"name":"wp","href":"https:\/\/api.w.org\/{rel}","templated":true}]}}